{"id":75,"date":"2020-08-25T21:00:19","date_gmt":"2020-08-25T21:00:19","guid":{"rendered":"https:\/\/www.afotartec.org\/tpv\/?page_id=75"},"modified":"2024-07-21T14:57:05","modified_gmt":"2024-07-21T14:57:05","slug":"terminos-y-condiciones-de-compra","status":"publish","type":"page","link":"https:\/\/www.afotartec.org\/tpv\/?page_id=75","title":{"rendered":"T\u00e9rminos y Condiciones de Compra en pagos por TPV"},"content":{"rendered":"<p style=\"text-align: justify;\"><strong>TERMINOS, CONDICIONES DE COMPRA Y USO S\u00d3LO PARA PAGOS POR TPV<\/strong><\/p>\n<p style=\"text-align: justify;\">Es necesario que lea y acepte los siguientes\u00a0<strong>T\u00e9rminos y Condiciones<\/strong> exclusivos si usted decide pagarlos mediante TPV (terminal de punto de venta) los que a continuaci\u00f3n se redactan para la adquisici\u00f3n de los servicios a clientes, socios, alumnos, formaci\u00f3n acad\u00e9mica, producci\u00f3n audiovisual y publicidad que se ofrecen en esta web y resto de webs propiedad de Asociaci\u00f3n Afotartec:<\/p>\n<p style=\"text-align: justify;\"><a href=\"https:\/\/www.afotartec.org\" target=\"_blank\" rel=\"noopener noreferrer\">afotartec.org<\/a> \u2013 La p\u00e1gina web en la que Vd. Se encuentra ahora<\/p>\n<p style=\"text-align: justify;\"><a href=\"https:\/\/www.digitalcampus.es\" target=\"_blank\" rel=\"noopener noreferrer\">digitalcampus.es<\/a>\u00a0 &#8211; Web relativa a los servicios de formaci\u00f3n<\/p>\n<p style=\"text-align: justify;\"><a href=\"https:\/\/www.a24.es\/\" target=\"_blank\" rel=\"noopener noreferrer\">a24.es<\/a> y <a href=\"https:\/\/www.vivirenelche.com\" target=\"_blank\" rel=\"noopener noreferrer\">vivirenelche.com<\/a> &#8211; Webs relativas a servicios de publicidad y creaci\u00f3n de contenidos<\/p>\n<p style=\"text-align: justify;\"><a href=\"http:\/\/www.af-press.com\" target=\"_blank\" rel=\"noopener noreferrer\">af-press.com<\/a> \u2013 Web informativa para asociados de prensa<\/p>\n<p style=\"text-align: justify;\"><a href=\"http:\/\/www.a24producciones.es\" target=\"_blank\" rel=\"noopener noreferrer\">a24producciones.es<\/a> \u2013 Web informativa de servicios de producci\u00f3n audiovisual<\/p>\n<p style=\"text-align: justify;\">El uso de nuestros servicios as\u00ed como la compra de \u00e9stos, implicar\u00e1 que usted ha le\u00eddo y aceptado los <strong>T\u00e9rminos, Condiciones de Compra y Uso<\/strong> mediante TPV de dichos Servicios en el presente documento.<\/p>\n<p style=\"text-align: justify;\">Todos los servicios que son ofrecidos en nuestro\/s sitio\/s web pudieran ser creados, cobrados, enviados o presentados por una p\u00e1gina web propiedad de Afotartec o autorizada por la entidad y en tal caso estar\u00edan sujetas a <strong>los mismos T\u00e9rminos y Condiciones que se describen aqu\u00ed para que Vd. pueda pagarlos mediante TPV.<\/strong><\/p>\n<p style=\"text-align: justify;\">Todas las compras y transacciones que se lleven a cabo por medio de este sitio web, est\u00e1n sujetas a un\u00a0<strong>proceso de confirmaci\u00f3n y verificaci\u00f3n mediante TPV<\/strong>, el cual podr\u00eda incluir la verificaci\u00f3n y disponibilidad del producto-servicio, validaci\u00f3n de la forma de pago, validaci\u00f3n de la factura (en caso de existir) y el cumplimiento de las condiciones requeridas por el medio de pago seleccionado.<\/p>\n<p style=\"text-align: justify;\">En algunos casos puede que se requiera una verificaci\u00f3n por medio de tel\u00e9fono y\/o de correo electr\u00f3nico.<\/p>\n<p>Los precios de los servicios ofrecidos por Asociaci\u00f3n Afotartec, tanto en modalidad presencial, semipresencial, telepresencial como online, son v\u00e1lidos solamente en las compras realizadas en estos sitios web anteriormente descritos si decide abonarlos mediante TPV.<\/p>\n<p><strong>Identidad de las partes contratantes para el pago por TPV<\/strong><\/p>\n<p style=\"text-align: justify;\">Por un lado, el proveedor de los bienes o servicios contratados por el CLIENTE (usuario) es Asociaci\u00f3n Afotartec, con domicilio social C\/ Ver\u00f3nica, 16 \u2013 Bajo 4, Elche 03204 (Alicante), NIF G53370151 y con tel\u00e9fonos de atenci\u00f3n al cliente +34 966441273 &#8211; +34 966108441<\/p>\n<p style=\"text-align: justify;\">Y de otra, el CLIENTE (usuario, socio o alumno\/a), quien ha solicitado la compra de servicios y se ha registrado presencialmente o en el sitio web mediante un nombre de usuario, contrase\u00f1a m\u00e1s datos personales, sobre los que tiene responsabilidad plena de uso y custodia, y es responsable de la veracidad de los datos personales facilitados al PRESTADOR DE SERVICIOS (Asociaci\u00f3n Afotartec).<\/p>\n<p style=\"text-align: justify;\"><strong>CONDICIONES DE COMPRA (TPV)<\/strong><\/p>\n<p style=\"text-align: justify;\">Los precios y condiciones de venta tienen un car\u00e1cter meramente informativo y pueden ser modificados en atenci\u00f3n a las fluctuaciones del mercado.<\/p>\n<p>No obstante, la realizaci\u00f3n de la solicitud mediante la cumplimentaci\u00f3n del formulario de compra, implica la conformidad con el precio ofertado y con las condiciones generales de venta vigentes en ese concreto momento.<\/p>\n<p style=\"text-align: justify;\">Una vez formalizada la solicitud, se entender\u00e1 realizada la compra de pleno derecho, con todas las garant\u00edas legales que amparan al consumidor adquirente y, desde ese instante, los precios y condiciones tendr\u00e1n car\u00e1cter contractual y no podr\u00e1n ser modificados sin el expreso acuerdo de ambos contratantes.<\/p>\n<p>El castellano ser\u00e1 la lengua utilizada en los servicios a socios, entidades, en nuestra formaci\u00f3n y tambi\u00e9n la que se utilizar\u00e1 a la hora de formalizar la matr\u00edcula de los alumnos y socios en los programas vigentes.<\/p>\n<p style=\"text-align: justify;\">El documento electr\u00f3nico que formalizar\u00e1 el alta de servicios, socios y las matr\u00edcula se archivar\u00e1 y los documentos personales del usuario\/a se adjuntar\u00e1n en su expediente de socio, cliente o alumno\/a.<\/p>\n<p>Los precios de la formaci\u00f3n y servicios a socios est\u00e1n exentos de IVA. el resto de servicios pueden facturarse con IVA, seg\u00fan la caracter\u00edstica del mismo y la periodicidad o adhesion del cliente.<\/p>\n<p>No existen plazos de entrega ya que no se env\u00edan materiales f\u00edsicos. En el caso de socios y alumnos el contenido de los servicios y el contenido formativo en los diferentes formatos est\u00e1 incluido en el campus virtual y se va actualizando diariamente para que alumnos y socios los tengan disponibles en cualquier momento y desde cualquier lugar con conexi\u00f3n a Internet.<\/p>\n<p>No existen gastos de env\u00edo ni cualquier otro gasto adicional a modo general, a no ser que el socio, cliente o alumno\/a solicite expresamente una ampliaci\u00f3n del servicio con env\u00edo de materiales f\u00edsicos adicionales a los ya establecidos (libros, cuadernos, gu\u00edas, \u2026 etc.)<\/p>\n<p style=\"text-align: justify;\"><strong>FORMAS DE PAGO TPV<\/strong><\/p>\n<p style=\"text-align: justify;\">Es posible realizar el pago de los pedidos en Asociaci\u00f3n Afotartec, mediante las formas de pago admitidas por el sistema <strong>TPV Virtual Santander<\/strong><\/p>\n<p style=\"text-align: justify;\"><strong>Tarjeta de cr\u00e9dito<\/strong><\/p>\n<p style=\"text-align: justify;\">Se utiliza el sistema de pago con tarjeta de cr\u00e9dito seguro, guardando la confidencialidad de los datos de los clientes y evitar posibles compras fraudulentas.<\/p>\n<p style=\"text-align: justify;\">Los datos confidenciales son transmitidos directamente y de forma encriptada (SSL) a la entidad financiera correspondiente. El sistema de encriptaci\u00f3n SSL confiere total seguridad a la transmisi\u00f3n de datos a trav\u00e9s de la red.<\/p>\n<p>Los datos de las tarjetas de cr\u00e9dito no quedan registrados en ninguna base de datos de Asociaci\u00f3n Afotartec. Se procesan directamente en el TPV (Terminal Punto de Venta) <strong>TPV Virtual del Banco Santander<\/strong> a trav\u00e9s de su pasarela de pago seguro.<\/p>\n<p>Una vez confirmado el pago se proceder\u00e1 al alta del socio, cliente y\/o alumno, para su posterior acceso a los servicios o al servicio de Campus Virtual en caso de alumnos.<\/p>\n<p style=\"text-align: justify;\"><strong>Transferencia bancaria<\/strong><\/p>\n<p style=\"text-align: justify;\">Si escogen como m\u00e9todo de pago la transferencia bancaria, al finalizar la solicitud de servicios a Asociaci\u00f3n Afotartec, recibir\u00e1n una notificaci\u00f3n con el importe total del servicio o de la formaci\u00f3n y el n\u00famero de cuenta para realizar la transferencia.<\/p>\n<p>En la transferencia se deber\u00e1 indicar indicar los datos que se detallan en el correo electr\u00f3nico de confirmaci\u00f3n como socio, cliente y\/o alumno\/a.<\/p>\n<p>Si se ha realizado una transferencia, una vez que el banco confirme el ingreso, (este proceso puede llegar a tardar un par de d\u00edas), procederemos a darle de alta como socio, cliente y\/o alumno\/a \u00a0y a facilitarle el acceso a todos los servicios contratados en Asociaci\u00f3n Afotartec.<\/p>\n<p style=\"text-align: justify;\"><strong>COMPROBACI\u00d3N ANTIFRAUDE<\/strong><\/p>\n<p style=\"text-align: justify;\">La compra del cliente puede ser aplazada para la comprobaci\u00f3n antifraude. Tambi\u00e9n puede ser suspendida por m\u00e1s tiempo para una investigaci\u00f3n m\u00e1s rigurosa, para evitar transacciones fraudulentas.<\/p>\n<p style=\"text-align: justify;\"><strong>MONEDA<\/strong><\/p>\n<p style=\"text-align: justify;\">Los precios que se muestran junto a los servicios a socios y clientes, como a la formaci\u00f3n de nuestros cursos y masters se indican en Euros (\u20ac). En ellos, todos los impuestos est\u00e1n ya previamente incluidos y todos los gastos de gesti\u00f3n tambi\u00e9n est\u00e1 ya incluidos.<\/p>\n<p style=\"text-align: justify;\">Asociaci\u00f3n Afotartec no se hace responsable de cambios de moneda o tasa de cambio que puedan aplicar su banco o compa\u00f1\u00eda de tarjeta de cr\u00e9dito al realizar la compra en una moneda de otro pa\u00eds.<\/p>\n<p style=\"text-align: justify;\"><strong>SEGURIDAD TPV<\/strong><\/p>\n<p style=\"text-align: justify;\">En Asociaci\u00f3n Afotartec, utilizamos <strong>TPV Virtual Santander<\/strong>, una de las plataformas r\u00e1pidas, seguras y avanzadas del sector, se trata de la soluci\u00f3n completa para asegurar un pago seguro, desarrollada bajo est\u00e1ndares y especificaciones internacionales de pago, lo que asegura su fiabilidad, as\u00ed como la confidencialidad de los datos de nuestros clientes y ayuda a evita posibles compras fraudulentas.<\/p>\n<p>Los datos confidenciales son transmitidos directamente y de forma encriptada (SSL) a la entidad financiera correspondiente. El sistema de encriptaci\u00f3n SSL confiere total seguridad a la transmisi\u00f3n de datos a trav\u00e9s de la red.<\/p>\n<p><strong>POL\u00cdTICAS DE ENTREGA TPV<\/strong><\/p>\n<p style=\"text-align: justify;\">El plazo de entrega tiene una fecha l\u00edmite de 7 d\u00edas desde que el\/la socio, cliente y\/o alumno\/a formaliza el pago del servicio o matr\u00edcula hasta que obtiene acceso al servicio\/s y\/o recursos de Asociaci\u00f3n Afotartec.<\/p>\n<p style=\"text-align: justify;\"><strong>EL\/LA CLIENTE | ADMISI\u00d3N<\/strong><\/p>\n<p style=\"text-align: justify;\">Asociaci\u00f3n Afotartec, se reserva el derecho de admisi\u00f3n respecto a socios, clientes y\/o alumnado, teniendo que cumplir \u00e9stos una serie de requisitos previos indispensables. Los usuarios ser\u00e1n informados de estos requisitos por cualquiera de los medios habituales, web, email, formularios previos, telef\u00f3nicamente, \u2026 etc.<\/p>\n<p>Como requisito global, el socio, cliente y\/o alumno\/a deber\u00e1 ser mayor de edad, y en caso de que no sea as\u00ed, deber\u00e1 contar con una autorizaci\u00f3n de los padres o tutores legales previa a su admisi\u00f3n.<\/p>\n<p style=\"text-align: justify;\">Una vez finalizado este tr\u00e1mite (el de admisi\u00f3n), el solicitante recibir\u00e1 una notificaci\u00f3n en positivo o negativo sobre el estado de su solicitud de admisi\u00f3n. En caso de resultar positiva, el socio, cliente o alumno\/a podr\u00e1 realizar el pago del servicio o de la formaci\u00f3n solicitada y en el caso de resultar negativa y haber abonado todo o parte del servicio o de la formaci\u00f3n, Asociaci\u00f3n Afotartec le realizar\u00e1 la devoluci\u00f3n \u00edntegra del importe abonado, con la \u00fanica salvedad de que no haya consumido ninguna parte del servicio, en tal caso s\u00ed que se le realizar\u00e1 una minoraci\u00f3n en la devoluci\u00f3n.<\/p>\n<p style=\"text-align: justify;\"><strong>PRIVACIDAD<\/strong><\/p>\n<p style=\"text-align: justify;\">Este sitio web Asociaci\u00f3n Afotartec garantiza que la informaci\u00f3n personal que usted env\u00eda cuenta con la seguridad necesaria. Los datos ingresados por usuario o en el caso de requerir una validaci\u00f3n de los pedidos no ser\u00e1n entregados a terceros, salvo que deba ser revelada en cumplimiento a una orden judicial o requerimientos legales.<\/p>\n<p>La suscripci\u00f3n a boletines de correos electr\u00f3nicos, informativos o publicitarios es voluntaria y podr\u00e1 ser seleccionada en cada momento por el usuario y tambi\u00e9n cancelada por \u00e9ste (pol\u00edtica de privacidad).<\/p>\n<p>Asociaci\u00f3n Afotartec se reserva el derecho de cambiar o modificar estos t\u00e9rminos sin previo aviso.Se puede acceder a la Pol\u00edtica de Privacidad y Aviso Legal de Asociaci\u00f3n Afotartec desde el enlace: <a href=\"https:\/\/www.afotartec.org\/tpv\/?page_id=3\" target=\"_blank\" rel=\"noopener noreferrer\">https:\/\/www.afotartec.org\/tpv\/?page_id=3<\/a><\/p>\n<p style=\"text-align: justify;\"><strong>LICENCIA<\/strong><\/p>\n<p style=\"text-align: justify;\">Asociaci\u00f3n Afotartec a trav\u00e9s de su sitio web concede una licencia para que los usuarios utilicen los servicios que son vendidos en este sitio, de acuerdo a los T\u00e9rminos y Condiciones que se describen en este documento. En el plazo de 7 d\u00edas recibir\u00e1n la licencia y condiciones en el email facilitado por el cliente.<\/p>\n<p style=\"text-align: justify;\"><strong>USO NO AUTORIZADO<\/strong><\/p>\n<p style=\"text-align: justify;\">En caso de haber contratado un servicio en Asociaci\u00f3n Afotartec, usted puede hacer uso pleno de los servicios y recursos para s\u00ed mismo\/a, pero usted no puede apropiarse de ninguno de ellos, tampoco comercializarlos ni cederlos gratuitamente a terceros, modificados o sin modificar, ni ofrecerlos para la redistribuci\u00f3n o la reventa de ning\u00fan tipo.<\/p>\n<p>Los clientes de alta pueden usar los servicios, las webs y recursos con contenidos digitales (webs, ftp, pendrives, cd-rom,\u2026etc.) o f\u00edsicos (libros, manuales, gu\u00edas, \u2026 etc.) a modo personal, las descargas de cualquier tipo s\u00f3lo se realizar\u00e1n en un dispositivo (ordenador, tablet, ipad, \u2026 etc.) propiedad del cliente (socio, cliente o alumno\/a) y para uso exclusivo del cliente, si \u00e9ste necesitara cambiar de dispositivo o l\u00ednea de internet deber\u00e1 solicitarlo y esperar autorizaci\u00f3n en positivo para la reprogramaci\u00f3n de todo el sistema del servicio, de la MAC del dispositivo de entrega y\/o la IP del nuevo servicio de internet. Queda totalmente prohibido, la descarga fraudulenta y mala utilizaci\u00f3n de los recursos de cualquier tipo de Asociaci\u00f3n Afotartec, fuera de estos t\u00e9rminos (audiovisuales, contenidos, recursos, programas, \u2026etc.) que componen todos los servicios ofertados. El uso y acceso a nuestros servicios es exclusivo a la persona admitida por el comit\u00e9 de admisiones de Asociaci\u00f3n Afotartec. Tambi\u00e9n se produce fraude si el cliente con o sin intenci\u00f3n de ello, le da acceso a un tercero no autorizado a los recursos y servicios, el cliente en tal caso cargar\u00e1 con toda la responsabilidad y se har\u00e1 cargo de las responsabilidades legales de sus actos.<\/p>\n<p style=\"text-align: justify;\"><strong>PROPIEDAD Y GARANT\u00cdAS<\/strong><\/p>\n<p style=\"text-align: justify;\">Usted no puede declarar propiedad intelectual o exclusiva a ninguno de nuestros productos o servicios, modificados o sin modificar. Todos los recursos y servicios son propiedad Asociaci\u00f3n Afotartec.<\/p>\n<p style=\"text-align: justify;\">En caso de que no se especifique lo contrario, nuestros productos se proporcionan sin ning\u00fan tipo de garant\u00eda expresa o impl\u00edcita.<\/p>\n<p>En ning\u00fan caso Asociaci\u00f3n Afotartec ser\u00e1 responsable de ning\u00fan da\u00f1o de ning\u00fan tipo, incluyendo, pero no limitando a, da\u00f1os directos, indirectos, especiales, fortuitos, consecuentes, por lucro cesante, ni cuales quiera otros u otras p\u00e9rdidas resultantes del uso o de la imposibilidad de uso nuestros productos, servicios o recursos dimanantes de todo lo adquirido por el cliente\/s a nuestra organizaci\u00f3n.<\/p>\n<p style=\"text-align: justify;\"><strong>EXCLUSI\u00d3N DE GARANT\u00cdAS Y RESPONSABILIDAD<\/strong><\/p>\n<p style=\"text-align: justify;\">Asociaci\u00f3n Afotartec no se hace responsable, en ning\u00fan caso, de los da\u00f1os y perjuicios de cualquier naturaleza que pudieran ocasionar, a t\u00edtulo enunciativo: errores u omisiones en los contenidos, falta de disponibilidad del portal o la transmisi\u00f3n de virus o programas maliciosos o lesivos en los contenidos, a pesar de haber adoptado todas las medidas tecnol\u00f3gicas necesarias para evitarlo.<\/p>\n<p style=\"text-align: justify;\"><strong>MODIFICACIONES<\/strong><\/p>\n<p style=\"text-align: justify;\">Asociaci\u00f3n Afotartec se reserva el derecho de efectuar sin previo aviso las modificaciones que considere oportunas en sus portales web, pudiendo cambiar, suprimir o a\u00f1adir tanto los contenidos y servicios que se presten a trav\u00e9s de la misma como la forma en la que \u00e9stos aparezcan presentados o localizados en su portal.<\/p>\n<p style=\"text-align: justify;\"><strong>ENLACES<\/strong><\/p>\n<p style=\"text-align: justify;\">En el caso de que en nombre del dominio se dispusiesen enlaces o hiperv\u00ednculos hac\u00eda otros sitios de Internet, Asociaci\u00f3n Afotartec no ejercer\u00e1 ning\u00fan tipo de control sobre dichos sitios y contenidos.<\/p>\n<p>En ning\u00fan caso Asociaci\u00f3n Afotartec asumir\u00e1 responsabilidad alguna por los contenidos de alg\u00fan enlace perteneciente a un sitio web ajeno, ni garantizar\u00e1 la disponibilidad t\u00e9cnica, calidad, fiabilidad, exactitud, amplitud, veracidad, validez y constitucionalidad de cualquier material o informaci\u00f3n contenida en ninguno de dichos hiperv\u00ednculos u otros sitios de Internet. Igualmente la inclusi\u00f3n de estas conexiones externas no implicar\u00e1 ning\u00fan tipo de asociaci\u00f3n, fusi\u00f3n o participaci\u00f3n con las entidades conectadas.<\/p>\n<p><strong>DERECHOS DE EXCLUSI\u00d3N<\/strong><\/p>\n<p style=\"text-align: justify;\">Asociaci\u00f3n Afotartec se reserva el derecho a denegar o retirar el acceso a portal y\/o los servicios ofrecidos sin necesidad de preaviso, a instancia propia o de un tercero, a aquellos usuarios que incumplan las Condiciones Generales de Compra y Uso.<\/p>\n<p><strong>GENERALIDADES<\/strong><\/p>\n<p style=\"text-align: justify;\">Asociaci\u00f3n Afotartec perseguir\u00e1 el incumplimiento de las Condiciones Generales de Compra y Uso as\u00ed como cualquier utilizaci\u00f3n indebida de su portal ejerciendo todas las acciones civiles y penales que le puedan corresponder en derecho.<\/p>\n<p style=\"text-align: justify;\"><strong>MODIFICACI\u00d3N DE LAS PRESENTES CONDICIONES Y DURACI\u00d3N<\/strong><\/p>\n<p style=\"text-align: justify;\">Asociaci\u00f3n Afotartec podr\u00e1 modificar en cualquier momento las condiciones aqu\u00ed determinadas, siendo debidamente publicadas como aqu\u00ed aparecen.<\/p>\n<p><strong>POL\u00cdTICAS DE DEVOLUCI\u00d3N Y DERECHO DE DESISTIMIENTO<\/strong><\/p>\n<p style=\"text-align: justify;\">De conformidad con lo previsto en el art\u00edculo 102 del Real Decreto Legislativo 1\/2007, de la Ley General de Defensa de Consumidores y Usuarios, los clientes, socios y alumnos tendr\u00e1n derecho a examinar la compra realizada y si as\u00ed lo desean posteriormente desistir del contrato durante un periodo de 14 d\u00edas naturales sin indicar motivo alguno, y sin incurrir en coste alguno.<\/p>\n<p>El plazo de desistimiento comenzar\u00e1 a contar desde el d\u00eda en que se ponga a disposici\u00f3n del cliente, socio o alumno el servicio adquirido, bien sea por medios telem\u00e1ticos, f\u00edsicos o digitales, o bien sea por proporcionar acceso online al mismo. El derecho de desistimiento se podr\u00e1 ejercitar mediante declaraci\u00f3n clara e inequ\u00edvoca en tal sentido, sin ninguna formalidad especial, dirigida por correo electr\u00f3nico a la direcci\u00f3n info@afotartec.org con copia de todo el contenido de la comunicaci\u00f3n al n\u00ba de whatsapp +34 685353595, titularidad de Asociaci\u00f3n Afotartec.<\/p>\n<p style=\"text-align: justify;\">Verificada la procedencia del ejercicio del derecho de desistimiento, Asociaci\u00f3n Afotartec, comprobar\u00e1 que el servicio ha sido \u00fanicamente examinado y\/o visualizado por el cliente y no se ha consumido nada de \u00e9ste ni se ha descargado ning\u00fan recurso, entonces proceder\u00e1 a realizar la devoluci\u00f3n del importe \u00edntegro del servicio mediante transferencia a la cuenta del cliente.<\/p>\n<p style=\"text-align: justify;\"><strong><em>S\u00f3lo en el caso de solicitar la anulaci\u00f3n de la compra descargar el siguiente documento:<\/em><\/strong><\/p>\n<p style=\"text-align: justify;\"><a href=\"https:\/\/www.afotartec.org\/tpv\/wp-content\/uploads\/2020\/08\/modelo-de-formulario-de-desistimiento.pdf\" target=\"_blank\" rel=\"noopener noreferrer\"><strong><em>Documento de desistimiento<\/em><\/strong><\/a><\/p>\n<p style=\"text-align: center;\"><span style=\"color: #000080;\"><em><strong>Asociaci\u00f3n Afotartec * Tels. +34 966441273 \u2013 966108441 * whatsapp +34 685353595 * info@afotartec.org<\/strong><\/em><\/span><\/p>\n","protected":false},"excerpt":{"rendered":"<p>TERMINOS, CONDICIONES DE COMPRA Y USO S\u00d3LO PARA PAGOS POR TPV Es necesario que lea y acepte los siguientes\u00a0T\u00e9rminos y Condiciones exclusivos si usted decide pagarlos mediante TPV (terminal de punto de venta) los que a continuaci\u00f3n se redactan para la adquisici\u00f3n de los servicios a clientes, socios, alumnos, formaci\u00f3n acad\u00e9mica, producci\u00f3n audiovisual y publicidad &hellip; <a href=\"https:\/\/www.afotartec.org\/tpv\/?page_id=75\" class=\"more-link\">Seguir leyendo <span class=\"screen-reader-text\">T\u00e9rminos y Condiciones de Compra en pagos por TPV<\/span> <span class=\"meta-nav\">&rarr;<\/span><\/a><\/p>\n","protected":false},"author":1,"featured_media":0,"parent":0,"menu_order":0,"comment_status":"closed","ping_status":"closed","template":"","meta":{"spay_email":""},"_links":{"self":[{"href":"https:\/\/www.afotartec.org\/tpv\/index.php?rest_route=\/wp\/v2\/pages\/75"}],"collection":[{"href":"https:\/\/www.afotartec.org\/tpv\/index.php?rest_route=\/wp\/v2\/pages"}],"about":[{"href":"https:\/\/www.afotartec.org\/tpv\/index.php?rest_route=\/wp\/v2\/types\/page"}],"author":[{"embeddable":true,"href":"https:\/\/www.afotartec.org\/tpv\/index.php?rest_route=\/wp\/v2\/users\/1"}],"replies":[{"embeddable":true,"href":"https:\/\/www.afotartec.org\/tpv\/index.php?rest_route=%2Fwp%2Fv2%2Fcomments&post=75"}],"version-history":[{"count":4,"href":"https:\/\/www.afotartec.org\/tpv\/index.php?rest_route=\/wp\/v2\/pages\/75\/revisions"}],"predecessor-version":[{"id":89,"href":"https:\/\/www.afotartec.org\/tpv\/index.php?rest_route=\/wp\/v2\/pages\/75\/revisions\/89"}],"wp:attachment":[{"href":"https:\/\/www.afotartec.org\/tpv\/index.php?rest_route=%2Fwp%2Fv2%2Fmedia&parent=75"}],"curies":[{"name":"wp","href":"https:\/\/api.w.org\/{rel}","templated":true}]}}