{"id":27,"date":"2020-08-18T18:32:16","date_gmt":"2020-08-18T18:32:16","guid":{"rendered":"https:\/\/www.afotartec.org\/tpv\/?page_id=27"},"modified":"2024-07-23T09:19:32","modified_gmt":"2024-07-23T09:19:32","slug":"asociados","status":"publish","type":"page","link":"https:\/\/www.afotartec.org\/tpv\/?page_id=27","title":{"rendered":"Asociados"},"content":{"rendered":"<p style=\"text-align: justify;\"><strong>El Servicio de Asociados<\/strong> abarca tanto personas particulares como aut\u00f3nomos, pymes, peque\u00f1a, mediana y gran empresa, as\u00ed como otras organizaciones. Estos servicios se consideran personalizados a las necesidades de personas asociadas o entidades asociadas, dentro de los departamentos que se relacionan y se consideran servicios fundamentales y no englobados en los dem\u00e1s tipos de servicios especializados que afotartec ofrece a <a href=\"https:\/\/www.afotartec.org\/?p=541\" rel=\"noopener\">EMPRESAS Y ENTIDADES.<\/a><\/p>\n<p><em>Estos servicios se engloban dentro del sistema de cuotas peri\u00f3dicas\u00a0<\/em><\/p>\n<p style=\"text-align: justify;\"><span style=\"text-decoration: underline;\"><strong>Servicios Fundamentales Relativos a Asociados:<\/strong><\/span><\/p>\n<p style=\"text-align: justify;\"><strong>Formaci\u00f3n y Actualizaci\u00f3n en las Materias a nivel de Usuario:<\/strong><\/p>\n<ul style=\"text-align: justify;\">\n<li>Inform\u00e1tica<\/li>\n<li>Internet<\/li>\n<li>Fotograf\u00eda y V\u00eddeo<\/li>\n<li>Marketing Directo<\/li>\n<li>Marketing Digital<\/li>\n<li>Programaci\u00f3n Web y Creaci\u00f3n Web Personal<\/li>\n<li>Dise\u00f1o y Publicidad<\/li>\n<li>Publicidad Digital<\/li>\n<li>Publicidad Impresa<\/li>\n<li>Publicaciones Patrocinadas en Medios de Comunicaci\u00f3n<\/li>\n<li>Creaci\u00f3n Campa\u00f1as Promocionales<\/li>\n<li>B\u00fasqueda Activa de Empleo (Estudiantes y Particulares)<\/li>\n<li>Otros Cursos y Formaci\u00f3n a medida, siempre que estos no est\u00e9n incluidos dentro de los servicios especializados que ya imparte Afotartec<\/li>\n<\/ul>\n<p>&nbsp;<\/p>\n<p style=\"text-align: justify;\">Acreditaciones para socios particulares y entidades<\/p>\n<ul style=\"text-align: justify;\">\n<li>Carnet acreditativo de pertenencia a la organizaci\u00f3n Afotartec con cobertura legal sobre las actividades contempladas para los asociados<\/li>\n<\/ul>\n<h3 style=\"text-align: justify;\"><strong>CUOTAS DE ASOCIADOS<\/strong><\/h3>\n<p style=\"text-align: justify;\">Las cuotas de asociados la organizaci\u00f3n determinar\u00e1 en cada periodo si el abono se realiza mensual, trimestral, semestral o anual. Estas decisiones se toman a raz\u00f3n de la cantidad de la cuota y de los gastos ocasionados por su tramitaci\u00f3n, en funci\u00f3n de que las cuotas muy peque\u00f1as se tienden a reagrupar en unidades temporales mayores.<\/p>\n<p style=\"text-align: justify;\"><strong>PERSONAS F\u00cdSICAS<\/strong><\/p>\n<p>Cuota 12 \u20ac \/ mes<\/p>\n<p style=\"text-align: justify;\"><strong>AUT\u00d3NOMOS<\/strong><\/p>\n<p style=\"text-align: justify;\">Cuota 25 \u20ac \/ mes<\/p>\n<p>(El Escalado de PYMES va en funci\u00f3n del n\u00ba de trabajadores &#8211; solicitar tabla informativa)<\/p>\n<p><strong>EMPRESAS<\/strong><\/p>\n<p>Cuota desde 75\u20ac \/ mes<\/p>\n<p>(El Escalado de EMPRESAS va en funci\u00f3n del n\u00ba de trabajadores, facturaci\u00f3n y sector productivo)<\/p>\n<p><strong>OTRAS ENTIDADES<\/strong><\/p>\n<p>Solicitar tabla informativa y\/o presupuesto, dependiendo de entidades privadas, publicas u organizaciones<\/p>\n<p style=\"text-align: center;\"><span style=\"color: #000080;\"><em><strong>Asociaci\u00f3n Afotartec * Tels. +34 966441273 \u2013 966108441 * whatsapp +34 685353595 * info@afotartec.org<\/strong><\/em><\/span><\/p>\n","protected":false},"excerpt":{"rendered":"<p>El Servicio de Asociados abarca tanto personas particulares como aut\u00f3nomos, pymes, peque\u00f1a, mediana y gran empresa, as\u00ed como otras organizaciones. Estos servicios se consideran personalizados a las necesidades de personas asociadas o entidades asociadas, dentro de los departamentos que se relacionan y se consideran servicios fundamentales y no englobados en los dem\u00e1s tipos de servicios &hellip; <a href=\"https:\/\/www.afotartec.org\/tpv\/?page_id=27\" class=\"more-link\">Seguir leyendo <span class=\"screen-reader-text\">Asociados<\/span> <span class=\"meta-nav\">&rarr;<\/span><\/a><\/p>\n","protected":false},"author":1,"featured_media":0,"parent":0,"menu_order":0,"comment_status":"closed","ping_status":"closed","template":"","meta":{"spay_email":""},"_links":{"self":[{"href":"https:\/\/www.afotartec.org\/tpv\/index.php?rest_route=\/wp\/v2\/pages\/27"}],"collection":[{"href":"https:\/\/www.afotartec.org\/tpv\/index.php?rest_route=\/wp\/v2\/pages"}],"about":[{"href":"https:\/\/www.afotartec.org\/tpv\/index.php?rest_route=\/wp\/v2\/types\/page"}],"author":[{"embeddable":true,"href":"https:\/\/www.afotartec.org\/tpv\/index.php?rest_route=\/wp\/v2\/users\/1"}],"replies":[{"embeddable":true,"href":"https:\/\/www.afotartec.org\/tpv\/index.php?rest_route=%2Fwp%2Fv2%2Fcomments&post=27"}],"version-history":[{"count":12,"href":"https:\/\/www.afotartec.org\/tpv\/index.php?rest_route=\/wp\/v2\/pages\/27\/revisions"}],"predecessor-version":[{"id":94,"href":"https:\/\/www.afotartec.org\/tpv\/index.php?rest_route=\/wp\/v2\/pages\/27\/revisions\/94"}],"wp:attachment":[{"href":"https:\/\/www.afotartec.org\/tpv\/index.php?rest_route=%2Fwp%2Fv2%2Fmedia&parent=27"}],"curies":[{"name":"wp","href":"https:\/\/api.w.org\/{rel}","templated":true}]}}