{"id":19,"date":"2020-08-18T18:30:45","date_gmt":"2020-08-18T18:30:45","guid":{"rendered":"https:\/\/www.afotartec.org\/tpv\/?page_id=19"},"modified":"2020-08-22T20:47:29","modified_gmt":"2020-08-22T20:47:29","slug":"formacion","status":"publish","type":"page","link":"https:\/\/www.afotartec.org\/tpv\/?page_id=19","title":{"rendered":"Formaci\u00f3n"},"content":{"rendered":"<p><a href=\"https:\/\/www.digitalcampus.es\/\" target=\"_blank\" rel=\"noopener noreferrer\"><strong>FORMACI\u00d3N PROFESIONAL<\/strong><\/a><\/p>\n<p><strong>Presencial<\/strong><\/p>\n<p><strong><a href=\"https:\/\/www.digitalcampus.es\/pagina-ejemplo\/tecnico-en-comunicacion-audiovisual\/\" target=\"_blank\" rel=\"noopener noreferrer\">T\u00e9cnico en Comunicaci\u00f3n Audiovisual<\/a>:<\/strong> 2560 \u20ac | Consultar Ayudas y Financiaci\u00f3n para Aplazamiento del Pago<\/p>\n<p><strong>Curso Abierto de Fotograf\u00eda, V\u00eddeo y Realidad Virtual:<\/strong> 85 \u20ac \/mes<\/p>\n<p><a href=\"https:\/\/www.digitalcampus.es\/2016\/09\/23\/tecnico-en-tanatoestetica-y-agente-funerario\/\" target=\"_blank\" rel=\"noopener noreferrer\"><strong>T\u00e9cnico en Tanatopraxia, Tanatoest\u00e9tica y Agente:<\/strong><\/a> 1899 \u20ac | Consultar Ayudas y Financiaci\u00f3n para Aplazamiento del Pago<\/p>\n<p><a href=\"https:\/\/www.digitalcampus.es\/2018\/06\/19\/master-en-comunicacion-no-verbal-cientifica\/\" target=\"_blank\" rel=\"noopener noreferrer\"><strong>Master en Comunicaci\u00f3n No Verbal Cient\u00edfica:<\/strong><\/a> 3500 \u20ac | Consultar Ayudas y Financiaci\u00f3n para Aplazamiento del Pago<\/p>\n<p><strong>Telepresencial<\/strong><\/p>\n<p><a href=\"https:\/\/www.digitalcampus.es\/pagina-ejemplo\/tecnico-en-comunicacion-audiovisual\/\" target=\"_blank\" rel=\"noopener noreferrer\"><strong>T\u00e9cnico en Comunicaci\u00f3n Audiovisual:<\/strong><\/a> 1280 \u20ac | Consultar Ayudas y Financiaci\u00f3n para Aplazamiento del Pago<\/p>\n<p><strong>Curso Abierto de Fotograf\u00eda, V\u00eddeo y Realidad Virtual:<\/strong> 85 \u20ac \/mes<\/p>\n<p><a href=\"https:\/\/www.digitalcampus.es\/2016\/09\/23\/tecnico-en-tanatoestetica-y-agente-funerario\/\" target=\"_blank\" rel=\"noopener noreferrer\"><strong>T\u00e9cnico en Tanatopraxia, Tanatoest\u00e9tica y Agente:<\/strong><\/a> 1899 \u20ac | Consultar Ayudas y Financiaci\u00f3n para Aplazamiento del Pago<\/p>\n<p><strong>On Line<\/strong><\/p>\n<p><strong>Comunicaci\u00f3n Audiovisual:<\/strong> 650 \u20ac | Consultar Ayudas y Financiaci\u00f3n para Aplazamiento del Pago<\/p>\n<p><strong>Fotograf\u00eda, V\u00eddeo y Realidad Virtual:<\/strong> 450 \u20ac<\/p>\n<p><a href=\"https:\/\/www.digitalcampus.es\/2018\/06\/19\/master-en-comunicacion-no-verbal-cientifica\/\" target=\"_blank\" rel=\"noopener noreferrer\"><strong>Master en Comunicaci\u00f3n No Verbal Cient\u00edfica:<\/strong><\/a> 1995 \u20ac | Consultar Ayudas y Financiaci\u00f3n para Aplazamiento del Pago<\/p>\n<p><strong><a href=\"https:\/\/www.digitalcampus.es\/cursos\/noverbal\/cursos\/curso-morfopsicologia-avanzada\/\" target=\"_blank\" rel=\"noopener noreferrer\">Morfopsicolog\u00eda &#8211; Esperto en Psicolog\u00eda del Rostro: <\/a><\/strong>295 \u20ac<\/p>\n<p>&nbsp;<\/p>\n<p><strong><a href=\"https:\/\/www.digitalcampus.es\/\" target=\"_blank\" rel=\"noopener noreferrer\">CONSULTAR<\/a>: OTRAS <\/strong><strong>ESPECIALIDADES |\u00a0<\/strong><strong>TALLERES |\u00a0<\/strong><strong>MONOGR\u00c1FICOS<\/strong><\/p>\n<p>&nbsp;<\/p>\n<p style=\"text-align: center;\"><span style=\"color: #000080;\"><em><strong>Asociaci\u00f3n Afotartec * Tels. +34 966441273 \u2013 966108441 * whatsapp +34 685353595 * info@afotartec.org<\/strong><\/em><\/span><\/p>\n","protected":false},"excerpt":{"rendered":"<p>FORMACI\u00d3N PROFESIONAL Presencial T\u00e9cnico en Comunicaci\u00f3n Audiovisual: 2560 \u20ac | Consultar Ayudas y Financiaci\u00f3n para Aplazamiento del Pago Curso Abierto de Fotograf\u00eda, V\u00eddeo y Realidad Virtual: 85 \u20ac \/mes T\u00e9cnico en Tanatopraxia, Tanatoest\u00e9tica y Agente: 1899 \u20ac | Consultar Ayudas y Financiaci\u00f3n para Aplazamiento del Pago Master en Comunicaci\u00f3n No Verbal Cient\u00edfica: 3500 \u20ac | &hellip; <a href=\"https:\/\/www.afotartec.org\/tpv\/?page_id=19\" class=\"more-link\">Seguir leyendo <span class=\"screen-reader-text\">Formaci\u00f3n<\/span> <span class=\"meta-nav\">&rarr;<\/span><\/a><\/p>\n","protected":false},"author":1,"featured_media":0,"parent":0,"menu_order":0,"comment_status":"closed","ping_status":"closed","template":"","meta":{"spay_email":""},"_links":{"self":[{"href":"https:\/\/www.afotartec.org\/tpv\/index.php?rest_route=\/wp\/v2\/pages\/19"}],"collection":[{"href":"https:\/\/www.afotartec.org\/tpv\/index.php?rest_route=\/wp\/v2\/pages"}],"about":[{"href":"https:\/\/www.afotartec.org\/tpv\/index.php?rest_route=\/wp\/v2\/types\/page"}],"author":[{"embeddable":true,"href":"https:\/\/www.afotartec.org\/tpv\/index.php?rest_route=\/wp\/v2\/users\/1"}],"replies":[{"embeddable":true,"href":"https:\/\/www.afotartec.org\/tpv\/index.php?rest_route=%2Fwp%2Fv2%2Fcomments&post=19"}],"version-history":[{"count":6,"href":"https:\/\/www.afotartec.org\/tpv\/index.php?rest_route=\/wp\/v2\/pages\/19\/revisions"}],"predecessor-version":[{"id":69,"href":"https:\/\/www.afotartec.org\/tpv\/index.php?rest_route=\/wp\/v2\/pages\/19\/revisions\/69"}],"wp:attachment":[{"href":"https:\/\/www.afotartec.org\/tpv\/index.php?rest_route=%2Fwp%2Fv2%2Fmedia&parent=19"}],"curies":[{"name":"wp","href":"https:\/\/api.w.org\/{rel}","templated":true}]}}