{"id":323,"date":"2016-05-08T23:11:41","date_gmt":"2016-05-08T23:11:41","guid":{"rendered":"http:\/\/www.afotartec.org\/?page_id=323"},"modified":"2024-07-21T19:40:58","modified_gmt":"2024-07-21T19:40:58","slug":"audiovisuales","status":"publish","type":"page","link":"https:\/\/www.afotartec.org\/?page_id=323","title":{"rendered":"AUDIOVISUALES"},"content":{"rendered":"<p><span style=\"text-decoration: underline;\"><strong>PRODUCTORA AUDIOVISUAL:<\/strong><\/span><\/p>\n<ul>\n<li>Reportajes Foto-Videogr\u00e1ficos<\/li>\n<li>Producciones Audiovisuales a la Carta<\/li>\n<li>Realidad Virtual. visitas Virtuales.<\/li>\n<li>V\u00eddeo y Fotograf\u00eda A\u00e9rea.<\/li>\n<li>Cinematografia: Cortos y Largometrajes<\/li>\n<li>Todas las Especialidades<\/li>\n<\/ul>\n<p><span style=\"text-decoration: underline;\"><strong>SOLUCITUD DE INFORMACI\u00d3N &#8211; FOTOGRAF\u00cdA\/V\u00cdDEO\/CINE:<\/strong><\/span><\/p>\n\n<div class=\"wpcf7 no-js\" id=\"wpcf7-f275-o1\" lang=\"es-ES\" dir=\"ltr\">\n<div class=\"screen-reader-response\"><p role=\"status\" aria-live=\"polite\" aria-atomic=\"true\"><\/p> <ul><\/ul><\/div>\n<form action=\"\/index.php?rest_route=%2Fwp%2Fv2%2Fpages%2F323#wpcf7-f275-o1\" method=\"post\" class=\"wpcf7-form init\" aria-label=\"Formulario de contacto\" novalidate=\"novalidate\" data-status=\"init\">\n<div style=\"display: none;\">\n<input type=\"hidden\" name=\"_wpcf7\" value=\"275\" \/>\n<input type=\"hidden\" name=\"_wpcf7_version\" value=\"5.7.7\" \/>\n<input type=\"hidden\" name=\"_wpcf7_locale\" value=\"es_ES\" \/>\n<input type=\"hidden\" name=\"_wpcf7_unit_tag\" value=\"wpcf7-f275-o1\" \/>\n<input type=\"hidden\" name=\"_wpcf7_container_post\" value=\"0\" \/>\n<input type=\"hidden\" name=\"_wpcf7_posted_data_hash\" value=\"\" \/>\n<input type=\"hidden\" name=\"_wpcf7_recaptcha_response\" value=\"\" \/>\n<\/div>\n<p>Nombre (requerido)\n<\/p>\n<p><span class=\"wpcf7-form-control-wrap\" data-name=\"nombre\"><input size=\"40\" class=\"wpcf7-form-control wpcf7-text wpcf7-validates-as-required\" aria-required=\"true\" aria-invalid=\"false\" value=\"\" type=\"text\" name=\"nombre\" \/><\/span>\n<\/p>\n<p>Tel\u00e9fono (requerido)\n<\/p>\n<p><span class=\"wpcf7-form-control-wrap\" data-name=\"telefono\"><input class=\"wpcf7-form-control wpcf7-number wpcf7-validates-as-required wpcf7-validates-as-number\" aria-required=\"true\" aria-invalid=\"false\" value=\"\" type=\"number\" name=\"telefono\" \/><\/span>\n<\/p>\n<p>Email (requerido)\n<\/p>\n<p><span class=\"wpcf7-form-control-wrap\" data-name=\"email\"><input size=\"40\" class=\"wpcf7-form-control wpcf7-text wpcf7-email wpcf7-validates-as-required wpcf7-validates-as-email\" aria-required=\"true\" aria-invalid=\"false\" value=\"\" type=\"email\" name=\"email\" \/><\/span>\n<\/p>\n<p>Poblaci\u00f3n\/Pa\u00eds\n<\/p>\n<p><span class=\"wpcf7-form-control-wrap\" data-name=\"poblacion\"><input size=\"40\" class=\"wpcf7-form-control wpcf7-text\" aria-invalid=\"false\" value=\"\" type=\"text\" name=\"poblacion\" \/><\/span>\n<\/p>\n<p>Comentarios\n<\/p>\n<p><span class=\"wpcf7-form-control-wrap\" data-name=\"comentarios\"><textarea cols=\"40\" rows=\"10\" class=\"wpcf7-form-control wpcf7-textarea\" aria-invalid=\"false\" name=\"comentarios\"><\/textarea><\/span>\n<\/p>\n<p><span class=\"wpcf7-form-control-wrap\" data-name=\"acceptance-995\"><span class=\"wpcf7-form-control wpcf7-acceptance\"><span class=\"wpcf7-list-item\"><input type=\"checkbox\" name=\"acceptance-995\" value=\"1\" aria-invalid=\"false\" \/><\/span><\/span><\/span> Aceptacion Politica Privacidad\n<\/p>\n\n<p><input class=\"wpcf7-form-control has-spinner wpcf7-submit\" type=\"submit\" value=\"Enviar\" \/>\n<\/p><p style=\"display: none !important;\" class=\"akismet-fields-container\" data-prefix=\"_wpcf7_ak_\"><label>&#916;<textarea name=\"_wpcf7_ak_hp_textarea\" cols=\"45\" rows=\"8\" maxlength=\"100\"><\/textarea><\/label><input type=\"hidden\" id=\"ak_js_1\" name=\"_wpcf7_ak_js\" value=\"247\"\/><script>document.getElementById( \"ak_js_1\" ).setAttribute( \"value\", ( new Date() ).getTime() );<\/script><\/p><div class=\"wpcf7-response-output\" aria-hidden=\"true\"><\/div>\n<\/form>\n<\/div>\n\n<p><em>El env\u00edo del formulario&nbsp;supone la aceptaci\u00f3n de la&nbsp;<a href=\"http:\/\/www.afotartec.org\/index.php\/politica-de-privacidad\/\" target=\"_blank\" rel=\"noopener\">pol\u00edtica de privacidad<\/a><\/em><\/p>\n<p>Tel\u00e9fonos: 966441273 &#8211; 966108441 * Movil y Whatsapp: 630031425 * 685353595<\/p>\n","protected":false},"excerpt":{"rendered":"<p>PRODUCTORA AUDIOVISUAL: Reportajes Foto-Videogr\u00e1ficos Producciones Audiovisuales a la Carta Realidad Virtual. visitas Virtuales. V\u00eddeo y Fotograf\u00eda A\u00e9rea. Cinematografia: Cortos y Largometrajes Todas las Especialidades SOLUCITUD DE INFORMACI\u00d3N &#8211; FOTOGRAF\u00cdA\/V\u00cdDEO\/CINE: El env\u00edo del formulario&nbsp;supone la aceptaci\u00f3n de la&nbsp;pol\u00edtica de privacidad Tel\u00e9fonos: 966441273 &#8211; 966108441 * Movil y Whatsapp: 630031425 * 685353595<\/p>\n","protected":false},"author":1,"featured_media":0,"parent":0,"menu_order":0,"comment_status":"closed","ping_status":"closed","template":"","meta":{"ngg_post_thumbnail":0},"jetpack_shortlink":"https:\/\/wp.me\/P8mjpt-5d","_links":{"self":[{"href":"https:\/\/www.afotartec.org\/index.php?rest_route=\/wp\/v2\/pages\/323"}],"collection":[{"href":"https:\/\/www.afotartec.org\/index.php?rest_route=\/wp\/v2\/pages"}],"about":[{"href":"https:\/\/www.afotartec.org\/index.php?rest_route=\/wp\/v2\/types\/page"}],"author":[{"embeddable":true,"href":"https:\/\/www.afotartec.org\/index.php?rest_route=\/wp\/v2\/users\/1"}],"replies":[{"embeddable":true,"href":"https:\/\/www.afotartec.org\/index.php?rest_route=%2Fwp%2Fv2%2Fcomments&post=323"}],"version-history":[{"count":5,"href":"https:\/\/www.afotartec.org\/index.php?rest_route=\/wp\/v2\/pages\/323\/revisions"}],"predecessor-version":[{"id":552,"href":"https:\/\/www.afotartec.org\/index.php?rest_route=\/wp\/v2\/pages\/323\/revisions\/552"}],"wp:attachment":[{"href":"https:\/\/www.afotartec.org\/index.php?rest_route=%2Fwp%2Fv2%2Fmedia&parent=323"}],"curies":[{"name":"wp","href":"https:\/\/api.w.org\/{rel}","templated":true}]}}