{"id":291,"date":"2016-05-08T22:12:11","date_gmt":"2016-05-08T22:12:11","guid":{"rendered":"http:\/\/www.afotartec.org\/?page_id=291"},"modified":"2019-06-23T13:39:27","modified_gmt":"2019-06-23T13:39:27","slug":"af-press","status":"publish","type":"page","link":"https:\/\/www.afotartec.org\/?page_id=291","title":{"rendered":"AF-Press"},"content":{"rendered":"<h1><span style=\"text-decoration: underline;\"><a href=\"http:\/\/www.af-press.com\/\" target=\"_blank\">AFPRESS &#8211; Agencia de Prensa<\/a><\/span><\/h1>\n<h2><strong>Agencia de Prensa para Medios de Comunicaci\u00f3n, Prensa Escrita y Digital, Radio y TV.<br \/>\n<\/strong><\/h2>\n<p><span style=\"text-decoration: underline;\"><em>Emails y Tel\u00e9fonos de contacto:<\/em><\/span><\/p>\n<p><strong>PETICI\u00d3N DE INFORMACI\u00d3N:<\/strong> <img decoding=\"async\" loading=\"lazy\" class=\"alignnone wp-image-14\" src=\"https:\/\/afpress1.files.wordpress.com\/2014\/09\/correo-af-press-copia.jpg?w=133&amp;h=32\" alt=\"\" width=\"133\" height=\"32\"><\/p>\n<p><strong>ENV\u00cdO NOTAS DE PRENSA \/ NACIONAL: <img decoding=\"async\" loading=\"lazy\" class=\"alignnone wp-image-15\" src=\"https:\/\/afpress1.files.wordpress.com\/2014\/09\/correo-redaccion-af-press-copia.jpg?w=153&amp;h=33\" alt=\"correo redaccion af-press copia\" width=\"153\" height=\"33\"><\/strong><\/p>\n<p><strong>FAX NOTAS DE PRENSA NACIONAL:<\/strong> 91.101.63.25<\/p>\n<p><strong>ENV\u00cdO NOTAS DE PRENSA PROVINCIAS:<\/strong> \u201cnombreprovincia\u201d@<span class=\"skimlinks-unlinked\">af-press.com<\/span><\/p>\n<p><strong>Horarios contacto oficinas lunes a jueves:<\/strong> 9:30 h. a 13:30 h. y 17 h. a 20 h. <strong>Viernes:<\/strong> 9:30 h. a 13:30 h. Viernes tarde cerrado.<\/p>\n<p>Rogamos previamente ponerse en contacto con la persona delegada de la provincia previo al env\u00edo de notas de prensa de Comunidades y Provincias, telef\u00f3nicamente o por eMail.<\/p>\n<p><em>El env\u00edo del formulario&nbsp;supone la aceptaci\u00f3n de la&nbsp;<a href=\"http:\/\/www.afotartec.org\/index.php\/politica-de-privacidad\/\" target=\"_blank\">pol\u00edtica de privacidad<\/a><\/em><\/p>\n<p><strong>Tel\u00e9fono Contacto:&nbsp; <\/strong>910299210<strong> \u2013 Centralita:<\/strong> 902.001.041<\/p>\n<p style=\"text-align: right;\"><strong><a href=\"http:\/\/www.af-press.com\/\" target=\"_blank\">IR A LA P\u00c1GINA ===&gt;<\/a><\/strong><\/p>\n","protected":false},"excerpt":{"rendered":"<p>AFPRESS &#8211; Agencia de Prensa Agencia de Prensa para Medios de Comunicaci\u00f3n, Prensa Escrita y Digital, Radio y TV. Emails y Tel\u00e9fonos de contacto: PETICI\u00d3N DE INFORMACI\u00d3N: ENV\u00cdO NOTAS DE PRENSA \/ NACIONAL: FAX NOTAS DE PRENSA NACIONAL: 91.101.63.25 ENV\u00cdO NOTAS DE PRENSA PROVINCIAS: \u201cnombreprovincia\u201d@af-press.com Horarios contacto oficinas lunes a jueves: 9:30 h. a 13:30 &hellip; <a href=\"https:\/\/www.afotartec.org\/?page_id=291\" class=\"more-link\">Seguir leyendo <span class=\"screen-reader-text\">AF-Press<\/span> <span class=\"meta-nav\">&rarr;<\/span><\/a><\/p>\n","protected":false},"author":1,"featured_media":0,"parent":0,"menu_order":0,"comment_status":"closed","ping_status":"closed","template":"","meta":{"ngg_post_thumbnail":0},"jetpack_shortlink":"https:\/\/wp.me\/P8mjpt-4H","_links":{"self":[{"href":"https:\/\/www.afotartec.org\/index.php?rest_route=\/wp\/v2\/pages\/291"}],"collection":[{"href":"https:\/\/www.afotartec.org\/index.php?rest_route=\/wp\/v2\/pages"}],"about":[{"href":"https:\/\/www.afotartec.org\/index.php?rest_route=\/wp\/v2\/types\/page"}],"author":[{"embeddable":true,"href":"https:\/\/www.afotartec.org\/index.php?rest_route=\/wp\/v2\/users\/1"}],"replies":[{"embeddable":true,"href":"https:\/\/www.afotartec.org\/index.php?rest_route=%2Fwp%2Fv2%2Fcomments&post=291"}],"version-history":[{"count":6,"href":"https:\/\/www.afotartec.org\/index.php?rest_route=\/wp\/v2\/pages\/291\/revisions"}],"predecessor-version":[{"id":498,"href":"https:\/\/www.afotartec.org\/index.php?rest_route=\/wp\/v2\/pages\/291\/revisions\/498"}],"wp:attachment":[{"href":"https:\/\/www.afotartec.org\/index.php?rest_route=%2Fwp%2Fv2%2Fmedia&parent=291"}],"curies":[{"name":"wp","href":"https:\/\/api.w.org\/{rel}","templated":true}]}}