{"id":257,"date":"2016-05-07T23:45:42","date_gmt":"2016-05-07T23:45:42","guid":{"rendered":"http:\/\/www.afotartec.org\/?page_id=257"},"modified":"2025-04-17T12:07:14","modified_gmt":"2025-04-17T12:07:14","slug":"redes-sociales","status":"publish","type":"page","link":"https:\/\/www.afotartec.org\/?page_id=257","title":{"rendered":"Webs &#038; Redes"},"content":{"rendered":"<h4 align=\"center\">A24REDES &#8211; DEPARTAMENTO DE INFORM\u00c1TICA<\/h4>\n<h4 style=\"text-align: left;\" align=\"center\"><span style=\"text-decoration: underline;\">MONTAJE DE EQUIPOS Y GESTI\u00d3N DE SOFTWARE:<\/span><\/h4>\n<ul>\n<li style=\"text-align: left;\">Fabricaci\u00f3n y Reparaci\u00f3n de Equipos Inform\u00e1ticos a Medida<\/li>\n<li style=\"text-align: left;\">Gesti\u00f3n, Creaci\u00f3n, Venta y Mantenimiento de Software<\/li>\n<li style=\"text-align: left;\">Mantenimiento de Redes, Equipos y Software<\/li>\n<li style=\"text-align: left;\">Creaci\u00f3n de Sistemas de Organizaci\u00f3n y Gesti\u00f3n<\/li>\n<li>Instalaci\u00f3n, Gesti\u00f3n y Mantenimiento de Equipos NAS,&nbsp; Servidores de Almacenamiento y Sistemas de Acceso<\/li>\n<\/ul>\n<h4 style=\"text-align: left;\" align=\"center\"><span style=\"text-decoration: underline;\">CREACI\u00d3N WEB y RRSS:<\/span><\/h4>\n<ul>\n<li>Alojamiento Web en Servidores SSD y NVME<\/li>\n<li style=\"text-align: left;\">Creaci\u00f3n Web a Medida<\/li>\n<li style=\"text-align: left;\">Gesti\u00f3n de Alta de Dominios y Correo<\/li>\n<li style=\"text-align: left;\">Creaci\u00f3n y Mantenimiento de RRSS<\/li>\n<li style=\"text-align: left;\">Cursos Comunity Manager<\/li>\n<li style=\"text-align: left;\">Posicionamiento SEO y SEM<\/li>\n<li style=\"text-align: left;\">Optimizaci\u00f3n Web<\/li>\n<\/ul>\n<p><span style=\"text-decoration: underline;\"><strong>FORMULARIO PETICI\u00d3N DE INFORMACI\u00d3N:<\/strong><\/span><\/p>\n<p style=\"text-align: left;\" align=\"center\">\n<div class=\"wpcf7 no-js\" id=\"wpcf7-f275-o1\" lang=\"es-ES\" dir=\"ltr\">\n<div class=\"screen-reader-response\"><p role=\"status\" aria-live=\"polite\" aria-atomic=\"true\"><\/p> <ul><\/ul><\/div>\n<form action=\"\/index.php?rest_route=%2Fwp%2Fv2%2Fpages%2F257#wpcf7-f275-o1\" method=\"post\" class=\"wpcf7-form init\" aria-label=\"Formulario de contacto\" novalidate=\"novalidate\" data-status=\"init\">\n<div style=\"display: none;\">\n<input type=\"hidden\" name=\"_wpcf7\" value=\"275\" \/>\n<input type=\"hidden\" name=\"_wpcf7_version\" value=\"5.7.7\" \/>\n<input type=\"hidden\" name=\"_wpcf7_locale\" value=\"es_ES\" \/>\n<input type=\"hidden\" name=\"_wpcf7_unit_tag\" value=\"wpcf7-f275-o1\" \/>\n<input type=\"hidden\" name=\"_wpcf7_container_post\" value=\"0\" \/>\n<input type=\"hidden\" name=\"_wpcf7_posted_data_hash\" value=\"\" \/>\n<input type=\"hidden\" name=\"_wpcf7_recaptcha_response\" value=\"\" \/>\n<\/div>\n<p>Nombre (requerido)\n<\/p>\n<p><span class=\"wpcf7-form-control-wrap\" data-name=\"nombre\"><input size=\"40\" class=\"wpcf7-form-control wpcf7-text wpcf7-validates-as-required\" aria-required=\"true\" aria-invalid=\"false\" value=\"\" type=\"text\" name=\"nombre\" \/><\/span>\n<\/p>\n<p>Tel\u00e9fono (requerido)\n<\/p>\n<p><span class=\"wpcf7-form-control-wrap\" data-name=\"telefono\"><input class=\"wpcf7-form-control wpcf7-number wpcf7-validates-as-required wpcf7-validates-as-number\" aria-required=\"true\" aria-invalid=\"false\" value=\"\" type=\"number\" name=\"telefono\" \/><\/span>\n<\/p>\n<p>Email (requerido)\n<\/p>\n<p><span class=\"wpcf7-form-control-wrap\" data-name=\"email\"><input size=\"40\" class=\"wpcf7-form-control wpcf7-text wpcf7-email wpcf7-validates-as-required wpcf7-validates-as-email\" aria-required=\"true\" aria-invalid=\"false\" value=\"\" type=\"email\" name=\"email\" \/><\/span>\n<\/p>\n<p>Poblaci\u00f3n\/Pa\u00eds\n<\/p>\n<p><span class=\"wpcf7-form-control-wrap\" data-name=\"poblacion\"><input size=\"40\" class=\"wpcf7-form-control wpcf7-text\" aria-invalid=\"false\" value=\"\" type=\"text\" name=\"poblacion\" \/><\/span>\n<\/p>\n<p>Comentarios\n<\/p>\n<p><span class=\"wpcf7-form-control-wrap\" data-name=\"comentarios\"><textarea cols=\"40\" rows=\"10\" class=\"wpcf7-form-control wpcf7-textarea\" aria-invalid=\"false\" name=\"comentarios\"><\/textarea><\/span>\n<\/p>\n<p><span class=\"wpcf7-form-control-wrap\" data-name=\"acceptance-995\"><span class=\"wpcf7-form-control wpcf7-acceptance\"><span class=\"wpcf7-list-item\"><input type=\"checkbox\" name=\"acceptance-995\" value=\"1\" aria-invalid=\"false\" \/><\/span><\/span><\/span> Aceptacion Politica Privacidad\n<\/p>\n\n<p><input class=\"wpcf7-form-control has-spinner wpcf7-submit\" type=\"submit\" value=\"Enviar\" \/>\n<\/p><p style=\"display: none !important;\" class=\"akismet-fields-container\" data-prefix=\"_wpcf7_ak_\"><label>&#916;<textarea name=\"_wpcf7_ak_hp_textarea\" cols=\"45\" rows=\"8\" maxlength=\"100\"><\/textarea><\/label><input type=\"hidden\" id=\"ak_js_1\" name=\"_wpcf7_ak_js\" value=\"248\"\/><script>document.getElementById( \"ak_js_1\" ).setAttribute( \"value\", ( new Date() ).getTime() );<\/script><\/p><div class=\"wpcf7-response-output\" aria-hidden=\"true\"><\/div>\n<\/form>\n<\/div>\n<\/p>\n<p style=\"text-align: left;\" align=\"center\"><em>El env\u00edo del formulario&nbsp;supone la aceptaci\u00f3n de la&nbsp;<a href=\"http:\/\/www.afotartec.org\/index.php\/politica-de-privacidad\/\" target=\"_blank\" rel=\"noopener\">pol\u00edtica de privacidad<\/a><\/em><\/p>\n<p style=\"text-align: left;\" align=\"center\">Tel\u00e9fonos: 966441273 &#8211; 966108441 * Movil y Whatsapp: 630031425 * 685353595<\/p>\n","protected":false},"excerpt":{"rendered":"<p>A24REDES &#8211; DEPARTAMENTO DE INFORM\u00c1TICA MONTAJE DE EQUIPOS Y GESTI\u00d3N DE SOFTWARE: Fabricaci\u00f3n y Reparaci\u00f3n de Equipos Inform\u00e1ticos a Medida Gesti\u00f3n, Creaci\u00f3n, Venta y Mantenimiento de Software Mantenimiento de Redes, Equipos y Software Creaci\u00f3n de Sistemas de Organizaci\u00f3n y Gesti\u00f3n Instalaci\u00f3n, Gesti\u00f3n y Mantenimiento de Equipos NAS,&nbsp; Servidores de Almacenamiento y Sistemas de Acceso CREACI\u00d3N &hellip; <a href=\"https:\/\/www.afotartec.org\/?page_id=257\" class=\"more-link\">Seguir leyendo <span class=\"screen-reader-text\">Webs &#038; Redes<\/span> <span class=\"meta-nav\">&rarr;<\/span><\/a><\/p>\n","protected":false},"author":1,"featured_media":0,"parent":0,"menu_order":0,"comment_status":"closed","ping_status":"closed","template":"","meta":{"ngg_post_thumbnail":0},"jetpack_shortlink":"https:\/\/wp.me\/P8mjpt-49","_links":{"self":[{"href":"https:\/\/www.afotartec.org\/index.php?rest_route=\/wp\/v2\/pages\/257"}],"collection":[{"href":"https:\/\/www.afotartec.org\/index.php?rest_route=\/wp\/v2\/pages"}],"about":[{"href":"https:\/\/www.afotartec.org\/index.php?rest_route=\/wp\/v2\/types\/page"}],"author":[{"embeddable":true,"href":"https:\/\/www.afotartec.org\/index.php?rest_route=\/wp\/v2\/users\/1"}],"replies":[{"embeddable":true,"href":"https:\/\/www.afotartec.org\/index.php?rest_route=%2Fwp%2Fv2%2Fcomments&post=257"}],"version-history":[{"count":11,"href":"https:\/\/www.afotartec.org\/index.php?rest_route=\/wp\/v2\/pages\/257\/revisions"}],"predecessor-version":[{"id":567,"href":"https:\/\/www.afotartec.org\/index.php?rest_route=\/wp\/v2\/pages\/257\/revisions\/567"}],"wp:attachment":[{"href":"https:\/\/www.afotartec.org\/index.php?rest_route=%2Fwp%2Fv2%2Fmedia&parent=257"}],"curies":[{"name":"wp","href":"https:\/\/api.w.org\/{rel}","templated":true}]}}